{"id":278,"date":"2020-07-30T18:25:12","date_gmt":"2020-07-30T18:25:12","guid":{"rendered":"http:\/\/theflowinglab.com\/?page_id=278"},"modified":"2021-10-09T18:04:16","modified_gmt":"2021-10-09T18:04:16","slug":"about","status":"publish","type":"page","link":"https:\/\/theflowinglab.com\/?page_id=278","title":{"rendered":"ABOUT &#038; CONTACT"},"content":{"rendered":"\t\t<div data-elementor-type=\"wp-page\" data-elementor-id=\"278\" class=\"elementor elementor-278\" data-elementor-settings=\"[]\">\n\t\t\t\t\t\t<div class=\"elementor-inner\">\n\t\t\t\t\t\t\t<div class=\"elementor-section-wrap\">\n\t\t\t\t\t\t\t<section class=\"elementor-section elementor-top-section elementor-element elementor-element-2f45eb22 elementor-section-content-middle elementor-section-boxed elementor-section-height-default elementor-section-height-default\" data-id=\"2f45eb22\" data-element_type=\"section\">\n\t\t\t\t\t\t<div class=\"elementor-container elementor-column-gap-no\">\n\t\t\t\t\t\t\t<div class=\"elementor-row\">\n\t\t\t\t\t<div class=\"elementor-column elementor-col-33 elementor-top-column elementor-element elementor-element-b4f6d09\" data-id=\"b4f6d09\" data-element_type=\"column\">\n\t\t\t<div class=\"elementor-column-wrap elementor-element-populated\">\n\t\t\t\t\t\t\t<div class=\"elementor-widget-wrap\">\n\t\t\t\t\t\t<div class=\"elementor-element elementor-element-38d5c97 elementor-widget elementor-widget-text-editor\" data-id=\"38d5c97\" data-element_type=\"widget\" data-widget_type=\"text-editor.default\">\n\t\t\t\t<div class=\"elementor-widget-container\">\n\t\t\t\t\t<div class=\"elementor-text-editor elementor-clearfix\"><p>Hola, soy Teresa M. Barber\u00e0. Aqu\u00ed te cuento un poco de m\u00ed&#8230; Sigue leyendo!<\/p><\/div>\n\t\t\t\t<\/div>\n\t\t\t\t<\/div>\n\t\t\t\t<div class=\"elementor-element elementor-element-6dec3ce1 elementor-widget elementor-widget-heading\" data-id=\"6dec3ce1\" data-element_type=\"widget\" data-widget_type=\"heading.default\">\n\t\t\t\t<div class=\"elementor-widget-container\">\n\t\t\t<h3 class=\"elementor-heading-title elementor-size-default\">PORTRAIT<\/h3>\t\t<\/div>\n\t\t\t\t<\/div>\n\t\t\t\t<div class=\"elementor-element elementor-element-2489973c elementor-widget elementor-widget-image\" data-id=\"2489973c\" data-element_type=\"widget\" data-widget_type=\"image.default\">\n\t\t\t\t<div class=\"elementor-widget-container\">\n\t\t\t\t\t<div class=\"elementor-image\">\n\t\t\t\t\t\t\t\t\t\t<img width=\"719\" height=\"1024\" src=\"https:\/\/theflowinglab.com\/wp-content\/uploads\/2020\/10\/IMG_4479-e1602171796496-719x1024.jpg\" class=\"elementor-animation-grow attachment-large size-large\" alt=\"\" loading=\"lazy\" srcset=\"https:\/\/theflowinglab.com\/wp-content\/uploads\/2020\/10\/IMG_4479-e1602171796496-719x1024.jpg 719w, https:\/\/theflowinglab.com\/wp-content\/uploads\/2020\/10\/IMG_4479-e1602171796496-211x300.jpg 211w, https:\/\/theflowinglab.com\/wp-content\/uploads\/2020\/10\/IMG_4479-e1602171796496-768x1094.jpg 768w, https:\/\/theflowinglab.com\/wp-content\/uploads\/2020\/10\/IMG_4479-e1602171796496-1079x1536.jpg 1079w, https:\/\/theflowinglab.com\/wp-content\/uploads\/2020\/10\/IMG_4479-e1602171796496.jpg 1151w\" sizes=\"(max-width: 719px) 100vw, 719px\" \/>\t\t\t\t\t\t\t\t\t\t\t<\/div>\n\t\t\t\t<\/div>\n\t\t\t\t<\/div>\n\t\t\t\t\t\t<\/div>\n\t\t\t\t\t<\/div>\n\t\t<\/div>\n\t\t\t\t<div class=\"elementor-column elementor-col-33 elementor-top-column elementor-element elementor-element-9632f79\" data-id=\"9632f79\" data-element_type=\"column\">\n\t\t\t<div class=\"elementor-column-wrap elementor-element-populated\">\n\t\t\t\t\t\t\t<div class=\"elementor-widget-wrap\">\n\t\t\t\t\t\t<div class=\"elementor-element elementor-element-6672642c elementor-widget elementor-widget-image\" data-id=\"6672642c\" data-element_type=\"widget\" data-widget_type=\"image.default\">\n\t\t\t\t<div class=\"elementor-widget-container\">\n\t\t\t\t\t<div class=\"elementor-image\">\n\t\t\t\t\t\t\t\t\t\t<img width=\"718\" height=\"1024\" src=\"https:\/\/theflowinglab.com\/wp-content\/uploads\/2020\/10\/IMG_D560E6F7A13A-1-718x1024.jpeg\" class=\"elementor-animation-grow attachment-large size-large\" alt=\"\" loading=\"lazy\" srcset=\"https:\/\/theflowinglab.com\/wp-content\/uploads\/2020\/10\/IMG_D560E6F7A13A-1-718x1024.jpeg 718w, https:\/\/theflowinglab.com\/wp-content\/uploads\/2020\/10\/IMG_D560E6F7A13A-1-210x300.jpeg 210w, https:\/\/theflowinglab.com\/wp-content\/uploads\/2020\/10\/IMG_D560E6F7A13A-1-768x1096.jpeg 768w, https:\/\/theflowinglab.com\/wp-content\/uploads\/2020\/10\/IMG_D560E6F7A13A-1-1077x1536.jpeg 1077w, https:\/\/theflowinglab.com\/wp-content\/uploads\/2020\/10\/IMG_D560E6F7A13A-1.jpeg 1127w\" sizes=\"(max-width: 718px) 100vw, 718px\" \/>\t\t\t\t\t\t\t\t\t\t\t<\/div>\n\t\t\t\t<\/div>\n\t\t\t\t<\/div>\n\t\t\t\t<div class=\"elementor-element elementor-element-70455903 elementor-widget elementor-widget-text-editor\" data-id=\"70455903\" data-element_type=\"widget\" data-widget_type=\"text-editor.default\">\n\t\t\t\t<div class=\"elementor-widget-container\">\n\t\t\t\t\t<div class=\"elementor-text-editor elementor-clearfix\"><p>Definirme me encasilla. Simplemente me definen mis creencias, mis valores y mi realidad. Vivir entre el agua y la tierra, entre las emociones y la percepci\u00f3n.\u00a0<\/p><\/div>\n\t\t\t\t<\/div>\n\t\t\t\t<\/div>\n\t\t\t\t\t\t<\/div>\n\t\t\t\t\t<\/div>\n\t\t<\/div>\n\t\t\t\t<div class=\"elementor-column elementor-col-33 elementor-top-column elementor-element elementor-element-2a701cc9\" data-id=\"2a701cc9\" data-element_type=\"column\">\n\t\t\t<div class=\"elementor-column-wrap elementor-element-populated\">\n\t\t\t\t\t\t\t<div class=\"elementor-widget-wrap\">\n\t\t\t\t\t\t<div class=\"elementor-element elementor-element-2aedacb3 elementor-widget elementor-widget-image\" data-id=\"2aedacb3\" data-element_type=\"widget\" data-widget_type=\"image.default\">\n\t\t\t\t<div class=\"elementor-widget-container\">\n\t\t\t\t\t<div class=\"elementor-image\">\n\t\t\t\t\t\t\t\t\t\t<img width=\"982\" height=\"1384\" src=\"https:\/\/theflowinglab.com\/wp-content\/uploads\/2020\/10\/IMG_9A8A9F3CFC6F-1.jpeg\" class=\"elementor-animation-grow attachment-full size-full\" alt=\"\" loading=\"lazy\" srcset=\"https:\/\/theflowinglab.com\/wp-content\/uploads\/2020\/10\/IMG_9A8A9F3CFC6F-1.jpeg 982w, https:\/\/theflowinglab.com\/wp-content\/uploads\/2020\/10\/IMG_9A8A9F3CFC6F-1-213x300.jpeg 213w, https:\/\/theflowinglab.com\/wp-content\/uploads\/2020\/10\/IMG_9A8A9F3CFC6F-1-727x1024.jpeg 727w, https:\/\/theflowinglab.com\/wp-content\/uploads\/2020\/10\/IMG_9A8A9F3CFC6F-1-768x1082.jpeg 768w\" sizes=\"(max-width: 982px) 100vw, 982px\" \/>\t\t\t\t\t\t\t\t\t\t\t<\/div>\n\t\t\t\t<\/div>\n\t\t\t\t<\/div>\n\t\t\t\t\t\t<\/div>\n\t\t\t\t\t<\/div>\n\t\t<\/div>\n\t\t\t\t\t\t\t\t<\/div>\n\t\t\t\t\t<\/div>\n\t\t<\/section>\n\t\t\t\t<section class=\"elementor-section elementor-top-section elementor-element elementor-element-30a90aab elementor-section-content-middle elementor-section-boxed elementor-section-height-default elementor-section-height-default\" data-id=\"30a90aab\" data-element_type=\"section\">\n\t\t\t\t\t\t<div class=\"elementor-container elementor-column-gap-no\">\n\t\t\t\t\t\t\t<div class=\"elementor-row\">\n\t\t\t\t\t<div class=\"elementor-column elementor-col-33 elementor-top-column elementor-element elementor-element-73736e8d\" data-id=\"73736e8d\" data-element_type=\"column\">\n\t\t\t<div class=\"elementor-column-wrap elementor-element-populated\">\n\t\t\t\t\t\t\t<div class=\"elementor-widget-wrap\">\n\t\t\t\t\t\t<div class=\"elementor-element elementor-element-3b204596 elementor-widget elementor-widget-text-editor\" data-id=\"3b204596\" data-element_type=\"widget\" data-widget_type=\"text-editor.default\">\n\t\t\t\t<div class=\"elementor-widget-container\">\n\t\t\t\t\t<div class=\"elementor-text-editor elementor-clearfix\"><\/div>\n\t\t\t\t<\/div>\n\t\t\t\t<\/div>\n\t\t\t\t<div class=\"elementor-element elementor-element-74a85278 elementor-widget elementor-widget-image\" data-id=\"74a85278\" data-element_type=\"widget\" data-widget_type=\"image.default\">\n\t\t\t\t<div class=\"elementor-widget-container\">\n\t\t\t\t\t<div class=\"elementor-image\">\n\t\t\t\t\t\t\t\t\t\t<img width=\"728\" height=\"1024\" src=\"https:\/\/theflowinglab.com\/wp-content\/uploads\/2020\/10\/IMG_4627-728x1024.jpg\" class=\"elementor-animation-grow attachment-large size-large\" alt=\"\" loading=\"lazy\" srcset=\"https:\/\/theflowinglab.com\/wp-content\/uploads\/2020\/10\/IMG_4627-728x1024.jpg 728w, https:\/\/theflowinglab.com\/wp-content\/uploads\/2020\/10\/IMG_4627-213x300.jpg 213w, https:\/\/theflowinglab.com\/wp-content\/uploads\/2020\/10\/IMG_4627-768x1080.jpg 768w, https:\/\/theflowinglab.com\/wp-content\/uploads\/2020\/10\/IMG_4627-1093x1536.jpg 1093w, https:\/\/theflowinglab.com\/wp-content\/uploads\/2020\/10\/IMG_4627.jpg 1161w\" sizes=\"(max-width: 728px) 100vw, 728px\" \/>\t\t\t\t\t\t\t\t\t\t\t<\/div>\n\t\t\t\t<\/div>\n\t\t\t\t<\/div>\n\t\t\t\t\t\t<\/div>\n\t\t\t\t\t<\/div>\n\t\t<\/div>\n\t\t\t\t<div class=\"elementor-column elementor-col-33 elementor-top-column elementor-element elementor-element-755ec59f\" data-id=\"755ec59f\" data-element_type=\"column\">\n\t\t\t<div class=\"elementor-column-wrap elementor-element-populated\">\n\t\t\t\t\t\t\t<div class=\"elementor-widget-wrap\">\n\t\t\t\t\t\t<div class=\"elementor-element elementor-element-50dfdc02 elementor-widget elementor-widget-image\" data-id=\"50dfdc02\" data-element_type=\"widget\" data-widget_type=\"image.default\">\n\t\t\t\t<div class=\"elementor-widget-container\">\n\t\t\t\t\t<div class=\"elementor-image\">\n\t\t\t\t\t\t\t\t\t\t<img width=\"725\" height=\"1024\" src=\"https:\/\/theflowinglab.com\/wp-content\/uploads\/2020\/10\/IMG_4632-725x1024.jpg\" class=\"elementor-animation-grow attachment-large size-large\" alt=\"\" loading=\"lazy\" srcset=\"https:\/\/theflowinglab.com\/wp-content\/uploads\/2020\/10\/IMG_4632-725x1024.jpg 725w, https:\/\/theflowinglab.com\/wp-content\/uploads\/2020\/10\/IMG_4632-212x300.jpg 212w, https:\/\/theflowinglab.com\/wp-content\/uploads\/2020\/10\/IMG_4632-768x1085.jpg 768w, https:\/\/theflowinglab.com\/wp-content\/uploads\/2020\/10\/IMG_4632-1087x1536.jpg 1087w, https:\/\/theflowinglab.com\/wp-content\/uploads\/2020\/10\/IMG_4632.jpg 1164w\" sizes=\"(max-width: 725px) 100vw, 725px\" \/>\t\t\t\t\t\t\t\t\t\t\t<\/div>\n\t\t\t\t<\/div>\n\t\t\t\t<\/div>\n\t\t\t\t<div class=\"elementor-element elementor-element-42f5d51 elementor-widget elementor-widget-text-editor\" data-id=\"42f5d51\" data-element_type=\"widget\" data-widget_type=\"text-editor.default\">\n\t\t\t\t<div class=\"elementor-widget-container\">\n\t\t\t\t\t<div class=\"elementor-text-editor elementor-clearfix\"><p>Me apasiona el aprendizaje y todo lo que se vincula entorno a ello.&nbsp;<\/p><p>Psicopedagoga integrativa, maestra y especialista en alimentaci\u00f3n consciente y educaci\u00f3n f\u00edsica de formaci\u00f3n.&nbsp;<\/p><p>Como ser, me considero una vehemente incansable aprendiz de todo el mundo sutil, bello, inocuo, complementario, diferente, profundo y real. Este es el mundo que defino a trav\u00e9s del aire y el fuego.<\/p><\/div>\n\t\t\t\t<\/div>\n\t\t\t\t<\/div>\n\t\t\t\t\t\t<\/div>\n\t\t\t\t\t<\/div>\n\t\t<\/div>\n\t\t\t\t<div class=\"elementor-column elementor-col-33 elementor-top-column elementor-element elementor-element-58748247\" data-id=\"58748247\" data-element_type=\"column\">\n\t\t\t<div class=\"elementor-column-wrap elementor-element-populated\">\n\t\t\t\t\t\t\t<div class=\"elementor-widget-wrap\">\n\t\t\t\t\t\t<div class=\"elementor-element elementor-element-55f926a6 elementor-widget elementor-widget-image\" data-id=\"55f926a6\" data-element_type=\"widget\" data-widget_type=\"image.default\">\n\t\t\t\t<div class=\"elementor-widget-container\">\n\t\t\t\t\t<div class=\"elementor-image\">\n\t\t\t\t\t\t\t\t\t\t<img width=\"1139\" height=\"1632\" src=\"https:\/\/theflowinglab.com\/wp-content\/uploads\/2020\/10\/IMG_4631.jpg\" class=\"elementor-animation-grow attachment-full size-full\" alt=\"\" loading=\"lazy\" srcset=\"https:\/\/theflowinglab.com\/wp-content\/uploads\/2020\/10\/IMG_4631.jpg 1139w, https:\/\/theflowinglab.com\/wp-content\/uploads\/2020\/10\/IMG_4631-209x300.jpg 209w, https:\/\/theflowinglab.com\/wp-content\/uploads\/2020\/10\/IMG_4631-715x1024.jpg 715w, https:\/\/theflowinglab.com\/wp-content\/uploads\/2020\/10\/IMG_4631-768x1100.jpg 768w, https:\/\/theflowinglab.com\/wp-content\/uploads\/2020\/10\/IMG_4631-1072x1536.jpg 1072w\" sizes=\"(max-width: 1139px) 100vw, 1139px\" \/>\t\t\t\t\t\t\t\t\t\t\t<\/div>\n\t\t\t\t<\/div>\n\t\t\t\t<\/div>\n\t\t\t\t\t\t<\/div>\n\t\t\t\t\t<\/div>\n\t\t<\/div>\n\t\t\t\t\t\t\t\t<\/div>\n\t\t\t\t\t<\/div>\n\t\t<\/section>\n\t\t\t\t<section class=\"elementor-section elementor-top-section elementor-element elementor-element-e55d065 elementor-section-content-middle elementor-section-boxed elementor-section-height-default elementor-section-height-default\" data-id=\"e55d065\" data-element_type=\"section\">\n\t\t\t\t\t\t<div class=\"elementor-container elementor-column-gap-no\">\n\t\t\t\t\t\t\t<div class=\"elementor-row\">\n\t\t\t\t\t<div class=\"elementor-column elementor-col-100 elementor-top-column elementor-element elementor-element-d069a1c\" data-id=\"d069a1c\" data-element_type=\"column\">\n\t\t\t<div class=\"elementor-column-wrap elementor-element-populated\">\n\t\t\t\t\t\t\t<div class=\"elementor-widget-wrap\">\n\t\t\t\t\t\t<div class=\"elementor-element elementor-element-9e80622 elementor-widget elementor-widget-heading\" data-id=\"9e80622\" data-element_type=\"widget\" data-widget_type=\"heading.default\">\n\t\t\t\t<div class=\"elementor-widget-container\">\n\t\t\t<h5 class=\"elementor-heading-title elementor-size-default\">ContacT US<\/h5>\t\t<\/div>\n\t\t\t\t<\/div>\n\t\t\t\t<div class=\"elementor-element elementor-element-aa2bfe5 elementor-widget elementor-widget-heading\" data-id=\"aa2bfe5\" data-element_type=\"widget\" data-widget_type=\"heading.default\">\n\t\t\t\t<div class=\"elementor-widget-container\">\n\t\t\t<h4 class=\"elementor-heading-title elementor-size-default\"><font color=\"#9f9f9f\" face=\"Helvetica, sans-serif\"><span style=\"caret-color: rgb(159, 159, 159);\">Si quieres m\u00e1s informaci\u00f3n sobre nuestras propuestas contacta con nosotr@s a trav\u00e9s de email o IG.<\/span><\/font><\/h4>\t\t<\/div>\n\t\t\t\t<\/div>\n\t\t\t\t<div class=\"elementor-element elementor-element-f87177e elementor-widget elementor-widget-heading\" data-id=\"f87177e\" data-element_type=\"widget\" data-widget_type=\"heading.default\">\n\t\t\t\t<div class=\"elementor-widget-container\">\n\t\t\t<h4 class=\"elementor-heading-title elementor-size-default\">theflowinglab@gmail.com<\/h4>\t\t<\/div>\n\t\t\t\t<\/div>\n\t\t\t\t<div class=\"elementor-element elementor-element-a60210d elementor-shape-square elementor-grid-0 elementor-widget elementor-widget-social-icons\" data-id=\"a60210d\" data-element_type=\"widget\" data-widget_type=\"social-icons.default\">\n\t\t\t\t<div class=\"elementor-widget-container\">\n\t\t\t\t\t<div class=\"elementor-social-icons-wrapper elementor-grid\">\n\t\t\t\t\t\t\t<div class=\"elementor-grid-item\">\n\t\t\t\t\t<a class=\"elementor-icon elementor-social-icon elementor-social-icon-instagram elementor-animation-grow elementor-repeater-item-7bcbd9e\" href=\"https:\/\/www.instagram.com\/theflowinglab\/\" target=\"_blank\">\n\t\t\t\t\t\t<span class=\"elementor-screen-only\">Instagram<\/span>\n\t\t\t\t\t\t<i class=\"fab fa-instagram\"><\/i>\t\t\t\t\t<\/a>\n\t\t\t\t<\/div>\n\t\t\t\t\t\t\t<div class=\"elementor-grid-item\">\n\t\t\t\t\t<a class=\"elementor-icon elementor-social-icon elementor-social-icon-youtube elementor-animation-grow elementor-repeater-item-31673c9\" target=\"_blank\">\n\t\t\t\t\t\t<span class=\"elementor-screen-only\">Youtube<\/span>\n\t\t\t\t\t\t<i class=\"fab fa-youtube\"><\/i>\t\t\t\t\t<\/a>\n\t\t\t\t<\/div>\n\t\t\t\t\t<\/div>\n\t\t\t\t<\/div>\n\t\t\t\t<\/div>\n\t\t\t\t\t\t<\/div>\n\t\t\t\t\t<\/div>\n\t\t<\/div>\n\t\t\t\t\t\t\t\t<\/div>\n\t\t\t\t\t<\/div>\n\t\t<\/section>\n\t\t\t\t\t\t<\/div>\n\t\t\t\t\t\t<\/div>\n\t\t\t\t\t<\/div>\n\t\t","protected":false},"excerpt":{"rendered":"<p>Hola, soy Teresa M. Barber\u00e0. Aqu\u00ed te cuento un poco de m\u00ed&#8230; Sigue leyendo! PORTRAIT Definirme me encasilla. Simplemente me definen mis creencias, mis valores y mi realidad. Vivir entre el agua y la tierra, entre las emociones y la percepci\u00f3n.&nbsp; Me apasiona el aprendizaje y todo lo que se vincula entorno a ello.&nbsp; Psicopedagoga &hellip;<\/p>\n<p class=\"read-more\"> <a class=\"\" href=\"https:\/\/theflowinglab.com\/?page_id=278\"> <span class=\"screen-reader-text\">ABOUT &#038; CONTACT<\/span> Leer m\u00e1s &raquo;<\/a><\/p>\n","protected":false},"author":1,"featured_media":0,"parent":0,"menu_order":0,"comment_status":"closed","ping_status":"closed","template":"","meta":[],"_links":{"self":[{"href":"https:\/\/theflowinglab.com\/index.php?rest_route=\/wp\/v2\/pages\/278"}],"collection":[{"href":"https:\/\/theflowinglab.com\/index.php?rest_route=\/wp\/v2\/pages"}],"about":[{"href":"https:\/\/theflowinglab.com\/index.php?rest_route=\/wp\/v2\/types\/page"}],"author":[{"embeddable":true,"href":"https:\/\/theflowinglab.com\/index.php?rest_route=\/wp\/v2\/users\/1"}],"replies":[{"embeddable":true,"href":"https:\/\/theflowinglab.com\/index.php?rest_route=%2Fwp%2Fv2%2Fcomments&post=278"}],"version-history":[{"count":20,"href":"https:\/\/theflowinglab.com\/index.php?rest_route=\/wp\/v2\/pages\/278\/revisions"}],"predecessor-version":[{"id":445,"href":"https:\/\/theflowinglab.com\/index.php?rest_route=\/wp\/v2\/pages\/278\/revisions\/445"}],"wp:attachment":[{"href":"https:\/\/theflowinglab.com\/index.php?rest_route=%2Fwp%2Fv2%2Fmedia&parent=278"}],"curies":[{"name":"wp","href":"https:\/\/api.w.org\/{rel}","templated":true}]}}