{"id":266,"date":"2020-07-30T18:18:29","date_gmt":"2020-07-30T18:18:29","guid":{"rendered":"http:\/\/theflowinglab.com\/?page_id=266"},"modified":"2021-10-09T18:07:08","modified_gmt":"2021-10-09T18:07:08","slug":"your-community","status":"publish","type":"page","link":"https:\/\/theflowinglab.com\/?page_id=266","title":{"rendered":"COMMUNITY"},"content":{"rendered":"\t\t<div data-elementor-type=\"wp-page\" data-elementor-id=\"266\" class=\"elementor elementor-266\" data-elementor-settings=\"[]\">\n\t\t\t\t\t\t<div class=\"elementor-inner\">\n\t\t\t\t\t\t\t<div class=\"elementor-section-wrap\">\n\t\t\t\t\t\t\t<section class=\"elementor-section elementor-top-section elementor-element elementor-element-3b8a4230 elementor-section-content-middle elementor-section-boxed elementor-section-height-default elementor-section-height-default\" data-id=\"3b8a4230\" data-element_type=\"section\">\n\t\t\t\t\t\t<div class=\"elementor-container elementor-column-gap-no\">\n\t\t\t\t\t\t\t<div class=\"elementor-row\">\n\t\t\t\t\t<div class=\"elementor-column elementor-col-100 elementor-top-column elementor-element elementor-element-27f55585\" data-id=\"27f55585\" data-element_type=\"column\">\n\t\t\t<div class=\"elementor-column-wrap elementor-element-populated\">\n\t\t\t\t\t\t\t<div class=\"elementor-widget-wrap\">\n\t\t\t\t\t\t<div class=\"elementor-element elementor-element-3b386814 elementor-widget elementor-widget-heading\" data-id=\"3b386814\" data-element_type=\"widget\" data-widget_type=\"heading.default\">\n\t\t\t\t<div class=\"elementor-widget-container\">\n\t\t\t<h4 class=\"elementor-heading-title elementor-size-default\">COMMUNITY<\/h4>\t\t<\/div>\n\t\t\t\t<\/div>\n\t\t\t\t<div class=\"elementor-element elementor-element-111643aa elementor-widget elementor-widget-heading\" data-id=\"111643aa\" data-element_type=\"widget\" data-widget_type=\"heading.default\">\n\t\t\t\t<div class=\"elementor-widget-container\">\n\t\t\t<h5 class=\"elementor-heading-title elementor-size-default\">Abracemos, exploremos, vivamos, transformemos, respetemos, visibilicemos, proyectemos... simplemente  amemos.<\/h5>\t\t<\/div>\n\t\t\t\t<\/div>\n\t\t\t\t<section class=\"elementor-section elementor-inner-section elementor-element elementor-element-7668806d elementor-section-content-middle elementor-section-boxed elementor-section-height-default elementor-section-height-default\" data-id=\"7668806d\" data-element_type=\"section\">\n\t\t\t\t\t\t<div class=\"elementor-container elementor-column-gap-no\">\n\t\t\t\t\t\t\t<div class=\"elementor-row\">\n\t\t\t\t\t<div class=\"elementor-column elementor-col-50 elementor-inner-column elementor-element elementor-element-54a427bb\" data-id=\"54a427bb\" data-element_type=\"column\">\n\t\t\t<div class=\"elementor-column-wrap elementor-element-populated\">\n\t\t\t\t\t\t\t<div class=\"elementor-widget-wrap\">\n\t\t\t\t\t\t<div class=\"elementor-element elementor-element-34218165 elementor-position-top elementor-vertical-align-top elementor-widget elementor-widget-image-box\" data-id=\"34218165\" data-element_type=\"widget\" data-widget_type=\"image-box.default\">\n\t\t\t\t<div class=\"elementor-widget-container\">\n\t\t\t<div class=\"elementor-image-box-wrapper\"><figure class=\"elementor-image-box-img\"><img width=\"1024\" height=\"576\" src=\"https:\/\/theflowinglab.com\/wp-content\/uploads\/2020\/10\/F618EAD1-ADB6-4775-B0CF-7C64F815AF82_1_201_a-1-1024x576.jpeg\" class=\"attachment-large size-large\" alt=\"\" loading=\"lazy\" srcset=\"https:\/\/theflowinglab.com\/wp-content\/uploads\/2020\/10\/F618EAD1-ADB6-4775-B0CF-7C64F815AF82_1_201_a-1-1024x576.jpeg 1024w, https:\/\/theflowinglab.com\/wp-content\/uploads\/2020\/10\/F618EAD1-ADB6-4775-B0CF-7C64F815AF82_1_201_a-1-300x169.jpeg 300w, https:\/\/theflowinglab.com\/wp-content\/uploads\/2020\/10\/F618EAD1-ADB6-4775-B0CF-7C64F815AF82_1_201_a-1-768x432.jpeg 768w, https:\/\/theflowinglab.com\/wp-content\/uploads\/2020\/10\/F618EAD1-ADB6-4775-B0CF-7C64F815AF82_1_201_a-1-1536x864.jpeg 1536w, https:\/\/theflowinglab.com\/wp-content\/uploads\/2020\/10\/F618EAD1-ADB6-4775-B0CF-7C64F815AF82_1_201_a-1-2048x1152.jpeg 2048w\" sizes=\"(max-width: 1024px) 100vw, 1024px\" \/><\/figure><div class=\"elementor-image-box-content\"><h3 class=\"elementor-image-box-title\">FUEGO<\/h3><p class=\"elementor-image-box-description\">Movimiento<\/p><\/div><\/div>\t\t<\/div>\n\t\t\t\t<\/div>\n\t\t\t\t<div class=\"elementor-element elementor-element-c0a769b elementor-position-top elementor-vertical-align-top elementor-widget elementor-widget-image-box\" data-id=\"c0a769b\" data-element_type=\"widget\" data-widget_type=\"image-box.default\">\n\t\t\t\t<div class=\"elementor-widget-container\">\n\t\t\t<div class=\"elementor-image-box-wrapper\"><figure class=\"elementor-image-box-img\"><img width=\"1024\" height=\"576\" src=\"https:\/\/theflowinglab.com\/wp-content\/uploads\/2020\/10\/B08EEC18-C149-4E55-882D-C00817AC8481_1_201_a-1024x576.jpeg\" class=\"attachment-large size-large\" alt=\"\" loading=\"lazy\" srcset=\"https:\/\/theflowinglab.com\/wp-content\/uploads\/2020\/10\/B08EEC18-C149-4E55-882D-C00817AC8481_1_201_a-1024x576.jpeg 1024w, https:\/\/theflowinglab.com\/wp-content\/uploads\/2020\/10\/B08EEC18-C149-4E55-882D-C00817AC8481_1_201_a-300x169.jpeg 300w, https:\/\/theflowinglab.com\/wp-content\/uploads\/2020\/10\/B08EEC18-C149-4E55-882D-C00817AC8481_1_201_a-768x432.jpeg 768w, https:\/\/theflowinglab.com\/wp-content\/uploads\/2020\/10\/B08EEC18-C149-4E55-882D-C00817AC8481_1_201_a-1536x863.jpeg 1536w, https:\/\/theflowinglab.com\/wp-content\/uploads\/2020\/10\/B08EEC18-C149-4E55-882D-C00817AC8481_1_201_a-2048x1151.jpeg 2048w\" sizes=\"(max-width: 1024px) 100vw, 1024px\" \/><\/figure><div class=\"elementor-image-box-content\"><h3 class=\"elementor-image-box-title\">AGUA<\/h3><p class=\"elementor-image-box-description\">EMOCIONES<\/p><\/div><\/div>\t\t<\/div>\n\t\t\t\t<\/div>\n\t\t\t\t\t\t<\/div>\n\t\t\t\t\t<\/div>\n\t\t<\/div>\n\t\t\t\t<div class=\"elementor-column elementor-col-50 elementor-inner-column elementor-element elementor-element-3b1a5aea\" data-id=\"3b1a5aea\" data-element_type=\"column\">\n\t\t\t<div class=\"elementor-column-wrap elementor-element-populated\">\n\t\t\t\t\t\t\t<div class=\"elementor-widget-wrap\">\n\t\t\t\t\t\t<div class=\"elementor-element elementor-element-21939693 elementor-position-top elementor-vertical-align-top elementor-widget elementor-widget-image-box\" data-id=\"21939693\" data-element_type=\"widget\" data-widget_type=\"image-box.default\">\n\t\t\t\t<div class=\"elementor-widget-container\">\n\t\t\t<div class=\"elementor-image-box-wrapper\"><figure class=\"elementor-image-box-img\"><img width=\"460\" height=\"258\" src=\"https:\/\/theflowinglab.com\/wp-content\/uploads\/2020\/10\/D319B546-5C35-4A9B-95B1-E489B8CC04A8_4_5005_c.jpeg\" class=\"attachment-large size-large\" alt=\"\" loading=\"lazy\" srcset=\"https:\/\/theflowinglab.com\/wp-content\/uploads\/2020\/10\/D319B546-5C35-4A9B-95B1-E489B8CC04A8_4_5005_c.jpeg 460w, https:\/\/theflowinglab.com\/wp-content\/uploads\/2020\/10\/D319B546-5C35-4A9B-95B1-E489B8CC04A8_4_5005_c-300x168.jpeg 300w\" sizes=\"(max-width: 460px) 100vw, 460px\" \/><\/figure><div class=\"elementor-image-box-content\"><h3 class=\"elementor-image-box-title\">TIERRA<\/h3><p class=\"elementor-image-box-description\">PERCEPCI\u00d3N<\/p><\/div><\/div>\t\t<\/div>\n\t\t\t\t<\/div>\n\t\t\t\t<div class=\"elementor-element elementor-element-7ff6235c elementor-position-top elementor-vertical-align-top elementor-widget elementor-widget-image-box\" data-id=\"7ff6235c\" data-element_type=\"widget\" data-widget_type=\"image-box.default\">\n\t\t\t\t<div class=\"elementor-widget-container\">\n\t\t\t<div class=\"elementor-image-box-wrapper\"><figure class=\"elementor-image-box-img\"><img width=\"645\" height=\"363\" src=\"https:\/\/theflowinglab.com\/wp-content\/uploads\/2020\/10\/E4A015E5-2071-4909-B0F1-A4FCEA8EE9A5_1_201_a.jpeg\" class=\"attachment-large size-large\" alt=\"\" loading=\"lazy\" srcset=\"https:\/\/theflowinglab.com\/wp-content\/uploads\/2020\/10\/E4A015E5-2071-4909-B0F1-A4FCEA8EE9A5_1_201_a.jpeg 645w, https:\/\/theflowinglab.com\/wp-content\/uploads\/2020\/10\/E4A015E5-2071-4909-B0F1-A4FCEA8EE9A5_1_201_a-300x169.jpeg 300w\" sizes=\"(max-width: 645px) 100vw, 645px\" \/><\/figure><div class=\"elementor-image-box-content\"><h3 class=\"elementor-image-box-title\">AIRE<\/h3><p class=\"elementor-image-box-description\">CREATIVIDAD<\/p><\/div><\/div>\t\t<\/div>\n\t\t\t\t<\/div>\n\t\t\t\t\t\t<\/div>\n\t\t\t\t\t<\/div>\n\t\t<\/div>\n\t\t\t\t\t\t\t\t<\/div>\n\t\t\t\t\t<\/div>\n\t\t<\/section>\n\t\t\t\t\t\t<\/div>\n\t\t\t\t\t<\/div>\n\t\t<\/div>\n\t\t\t\t\t\t\t\t<\/div>\n\t\t\t\t\t<\/div>\n\t\t<\/section>\n\t\t\t\t<section class=\"elementor-section elementor-top-section elementor-element elementor-element-37008c0 elementor-section-boxed elementor-section-height-default elementor-section-height-default\" data-id=\"37008c0\" data-element_type=\"section\">\n\t\t\t\t\t\t<div class=\"elementor-container elementor-column-gap-default\">\n\t\t\t\t\t\t\t<div class=\"elementor-row\">\n\t\t\t\t\t<div class=\"elementor-column elementor-col-100 elementor-top-column elementor-element elementor-element-6a45152\" data-id=\"6a45152\" data-element_type=\"column\">\n\t\t\t<div class=\"elementor-column-wrap elementor-element-populated\">\n\t\t\t\t\t\t\t<div class=\"elementor-widget-wrap\">\n\t\t\t\t\t\t<div class=\"elementor-element elementor-element-1ed6201 elementor-widget elementor-widget-text-editor\" data-id=\"1ed6201\" data-element_type=\"widget\" data-widget_type=\"text-editor.default\">\n\t\t\t\t<div class=\"elementor-widget-container\">\n\t\t\t\t\t<div class=\"elementor-text-editor elementor-clearfix\"><p>Los cuatro elementos nos unen a nuestra esencia y a fluir. De esta manera aprendemos a ver, percibir y experimentar la realidad \u00fanica y intransferible de cada unx de nosotrxs. Este proceso es din\u00e1mico y lo realizamos a trav\u00e9s de las relaciones y de nuestro crecimiento interno. Hay maneras de comportarnos que dominan en nuestras acciones, que est\u00e1n m\u00e1s desarrolladas y tienen un sentido de voluntad. Hay otras que no reconocemos. \u00c9stas tambi\u00e9n forman parte de nosotr@s y nos acompa\u00f1an en nuestro d\u00eda a d\u00eda. A veces las proyectamos en los dem\u00e1s de manera inconsciente o excesiva.\u00a0<\/p><p>Te ofrezco dos maneras de acompa\u00f1arte: desde el mentoring, si eres un profesional educativo y\/o deportivo, y desde el acompa\u00f1amiento en sesiones individuales, para cualquier persona que quiera conocerse a trav\u00e9s de un proceso de aprendizaje.\u00a0<\/p><\/div>\n\t\t\t\t<\/div>\n\t\t\t\t<\/div>\n\t\t\t\t\t\t<\/div>\n\t\t\t\t\t<\/div>\n\t\t<\/div>\n\t\t\t\t\t\t\t\t<\/div>\n\t\t\t\t\t<\/div>\n\t\t<\/section>\n\t\t\t\t<section class=\"elementor-section elementor-top-section elementor-element elementor-element-c8f9cb3 elementor-section-boxed elementor-section-height-default elementor-section-height-default\" data-id=\"c8f9cb3\" data-element_type=\"section\">\n\t\t\t\t\t\t<div class=\"elementor-container elementor-column-gap-default\">\n\t\t\t\t\t\t\t<div class=\"elementor-row\">\n\t\t\t\t\t<div class=\"elementor-column elementor-col-50 elementor-top-column elementor-element elementor-element-936250a\" data-id=\"936250a\" data-element_type=\"column\">\n\t\t\t<div class=\"elementor-column-wrap elementor-element-populated\">\n\t\t\t\t\t\t\t<div class=\"elementor-widget-wrap\">\n\t\t\t\t\t\t<div class=\"elementor-element elementor-element-b03427e elementor-widget elementor-widget-image\" data-id=\"b03427e\" data-element_type=\"widget\" data-widget_type=\"image.default\">\n\t\t\t\t<div class=\"elementor-widget-container\">\n\t\t\t\t\t<div class=\"elementor-image\">\n\t\t\t\t\t\t\t\t\t\t<img width=\"1024\" height=\"576\" src=\"https:\/\/theflowinglab.com\/wp-content\/uploads\/2020\/10\/6A18E36D-8C99-4404-A0ED-618E059278B9_1_201_a-1024x576.jpeg\" class=\"attachment-large size-large\" alt=\"\" loading=\"lazy\" srcset=\"https:\/\/theflowinglab.com\/wp-content\/uploads\/2020\/10\/6A18E36D-8C99-4404-A0ED-618E059278B9_1_201_a-1024x576.jpeg 1024w, https:\/\/theflowinglab.com\/wp-content\/uploads\/2020\/10\/6A18E36D-8C99-4404-A0ED-618E059278B9_1_201_a-300x169.jpeg 300w, https:\/\/theflowinglab.com\/wp-content\/uploads\/2020\/10\/6A18E36D-8C99-4404-A0ED-618E059278B9_1_201_a-768x432.jpeg 768w, https:\/\/theflowinglab.com\/wp-content\/uploads\/2020\/10\/6A18E36D-8C99-4404-A0ED-618E059278B9_1_201_a-1536x864.jpeg 1536w, https:\/\/theflowinglab.com\/wp-content\/uploads\/2020\/10\/6A18E36D-8C99-4404-A0ED-618E059278B9_1_201_a-2048x1152.jpeg 2048w\" sizes=\"(max-width: 1024px) 100vw, 1024px\" \/>\t\t\t\t\t\t\t\t\t\t\t<\/div>\n\t\t\t\t<\/div>\n\t\t\t\t<\/div>\n\t\t\t\t\t\t<\/div>\n\t\t\t\t\t<\/div>\n\t\t<\/div>\n\t\t\t\t<div class=\"elementor-column elementor-col-50 elementor-top-column elementor-element elementor-element-acee428\" data-id=\"acee428\" data-element_type=\"column\">\n\t\t\t<div class=\"elementor-column-wrap elementor-element-populated\">\n\t\t\t\t\t\t\t<div class=\"elementor-widget-wrap\">\n\t\t\t\t\t\t<div class=\"elementor-element elementor-element-ac84f1d elementor-widget elementor-widget-image\" data-id=\"ac84f1d\" data-element_type=\"widget\" data-widget_type=\"image.default\">\n\t\t\t\t<div class=\"elementor-widget-container\">\n\t\t\t\t\t<div class=\"elementor-image\">\n\t\t\t\t\t\t\t\t\t\t<img width=\"942\" height=\"530\" src=\"https:\/\/theflowinglab.com\/wp-content\/uploads\/2020\/10\/8DE20AD1-05DE-4CA3-ADA0-44C62EC99FFF_1_201_a.jpeg\" class=\"attachment-large size-large\" alt=\"\" loading=\"lazy\" srcset=\"https:\/\/theflowinglab.com\/wp-content\/uploads\/2020\/10\/8DE20AD1-05DE-4CA3-ADA0-44C62EC99FFF_1_201_a.jpeg 942w, https:\/\/theflowinglab.com\/wp-content\/uploads\/2020\/10\/8DE20AD1-05DE-4CA3-ADA0-44C62EC99FFF_1_201_a-300x169.jpeg 300w, https:\/\/theflowinglab.com\/wp-content\/uploads\/2020\/10\/8DE20AD1-05DE-4CA3-ADA0-44C62EC99FFF_1_201_a-768x432.jpeg 768w\" sizes=\"(max-width: 942px) 100vw, 942px\" \/>\t\t\t\t\t\t\t\t\t\t\t<\/div>\n\t\t\t\t<\/div>\n\t\t\t\t<\/div>\n\t\t\t\t\t\t<\/div>\n\t\t\t\t\t<\/div>\n\t\t<\/div>\n\t\t\t\t\t\t\t\t<\/div>\n\t\t\t\t\t<\/div>\n\t\t<\/section>\n\t\t\t\t<section class=\"elementor-section elementor-top-section elementor-element elementor-element-03c959c elementor-section-boxed elementor-section-height-default elementor-section-height-default\" data-id=\"03c959c\" data-element_type=\"section\">\n\t\t\t\t\t\t<div class=\"elementor-container elementor-column-gap-default\">\n\t\t\t\t\t\t\t<div class=\"elementor-row\">\n\t\t\t\t\t<div class=\"elementor-column elementor-col-50 elementor-top-column elementor-element elementor-element-4761e6a\" data-id=\"4761e6a\" data-element_type=\"column\">\n\t\t\t<div class=\"elementor-column-wrap elementor-element-populated\">\n\t\t\t\t\t\t\t<div class=\"elementor-widget-wrap\">\n\t\t\t\t\t\t<div class=\"elementor-element elementor-element-69c2bdf elementor-widget elementor-widget-text-editor\" data-id=\"69c2bdf\" data-element_type=\"widget\" data-widget_type=\"text-editor.default\">\n\t\t\t\t<div class=\"elementor-widget-container\">\n\t\t\t\t\t<div class=\"elementor-text-editor elementor-clearfix\"><p>MENTORING<\/p><\/div>\n\t\t\t\t<\/div>\n\t\t\t\t<\/div>\n\t\t\t\t\t\t<\/div>\n\t\t\t\t\t<\/div>\n\t\t<\/div>\n\t\t\t\t<div class=\"elementor-column elementor-col-50 elementor-top-column elementor-element elementor-element-aa9dc7f\" data-id=\"aa9dc7f\" data-element_type=\"column\">\n\t\t\t<div class=\"elementor-column-wrap elementor-element-populated\">\n\t\t\t\t\t\t\t<div class=\"elementor-widget-wrap\">\n\t\t\t\t\t\t<div class=\"elementor-element elementor-element-1c0872b elementor-widget elementor-widget-text-editor\" data-id=\"1c0872b\" data-element_type=\"widget\" data-widget_type=\"text-editor.default\">\n\t\t\t\t<div class=\"elementor-widget-container\">\n\t\t\t\t\t<div class=\"elementor-text-editor elementor-clearfix\"><p>SESIONES INDIVIDUALES<\/p><\/div>\n\t\t\t\t<\/div>\n\t\t\t\t<\/div>\n\t\t\t\t\t\t<\/div>\n\t\t\t\t\t<\/div>\n\t\t<\/div>\n\t\t\t\t\t\t\t\t<\/div>\n\t\t\t\t\t<\/div>\n\t\t<\/section>\n\t\t\t\t<section class=\"elementor-section elementor-top-section elementor-element elementor-element-f61b58d elementor-section-boxed elementor-section-height-default elementor-section-height-default\" data-id=\"f61b58d\" data-element_type=\"section\">\n\t\t\t\t\t\t<div class=\"elementor-container elementor-column-gap-default\">\n\t\t\t\t\t\t\t<div class=\"elementor-row\">\n\t\t\t\t\t<div class=\"elementor-column elementor-col-100 elementor-top-column elementor-element elementor-element-bd97025\" data-id=\"bd97025\" data-element_type=\"column\">\n\t\t\t<div class=\"elementor-column-wrap elementor-element-populated\">\n\t\t\t\t\t\t\t<div class=\"elementor-widget-wrap\">\n\t\t\t\t\t\t<div class=\"elementor-element elementor-element-37050a8 elementor-widget elementor-widget-text-editor\" data-id=\"37050a8\" data-element_type=\"widget\" data-widget_type=\"text-editor.default\">\n\t\t\t\t<div class=\"elementor-widget-container\">\n\t\t\t\t\t<div class=\"elementor-text-editor elementor-clearfix\"><p>Adem\u00e1s, doy charlas de distintas tem\u00e1ticas dentro del mundo del bienestar y el acompa\u00f1amiento; y colaboro con otrxs profesionales para sumar y multiplicar energ\u00edas.\u00a0<\/p><\/div>\n\t\t\t\t<\/div>\n\t\t\t\t<\/div>\n\t\t\t\t\t\t<\/div>\n\t\t\t\t\t<\/div>\n\t\t<\/div>\n\t\t\t\t\t\t\t\t<\/div>\n\t\t\t\t\t<\/div>\n\t\t<\/section>\n\t\t\t\t<section class=\"elementor-section elementor-top-section elementor-element elementor-element-51e065e elementor-section-boxed elementor-section-height-default elementor-section-height-default\" data-id=\"51e065e\" data-element_type=\"section\">\n\t\t\t\t\t\t<div class=\"elementor-container elementor-column-gap-default\">\n\t\t\t\t\t\t\t<div class=\"elementor-row\">\n\t\t\t\t\t<div class=\"elementor-column elementor-col-50 elementor-top-column elementor-element elementor-element-7240acb\" data-id=\"7240acb\" data-element_type=\"column\">\n\t\t\t<div class=\"elementor-column-wrap elementor-element-populated\">\n\t\t\t\t\t\t\t<div class=\"elementor-widget-wrap\">\n\t\t\t\t\t\t<div class=\"elementor-element elementor-element-552f537 elementor-widget elementor-widget-image\" data-id=\"552f537\" data-element_type=\"widget\" data-widget_type=\"image.default\">\n\t\t\t\t<div class=\"elementor-widget-container\">\n\t\t\t\t\t<div class=\"elementor-image\">\n\t\t\t\t\t\t\t\t\t\t<img width=\"1024\" height=\"576\" src=\"https:\/\/theflowinglab.com\/wp-content\/uploads\/2020\/10\/268001DE-D45A-451A-855B-4EEB18EA135D_1_201_a-1024x576.jpeg\" class=\"attachment-large size-large\" alt=\"\" loading=\"lazy\" srcset=\"https:\/\/theflowinglab.com\/wp-content\/uploads\/2020\/10\/268001DE-D45A-451A-855B-4EEB18EA135D_1_201_a-1024x576.jpeg 1024w, https:\/\/theflowinglab.com\/wp-content\/uploads\/2020\/10\/268001DE-D45A-451A-855B-4EEB18EA135D_1_201_a-300x169.jpeg 300w, https:\/\/theflowinglab.com\/wp-content\/uploads\/2020\/10\/268001DE-D45A-451A-855B-4EEB18EA135D_1_201_a-768x432.jpeg 768w, https:\/\/theflowinglab.com\/wp-content\/uploads\/2020\/10\/268001DE-D45A-451A-855B-4EEB18EA135D_1_201_a.jpeg 1164w\" sizes=\"(max-width: 1024px) 100vw, 1024px\" \/>\t\t\t\t\t\t\t\t\t\t\t<\/div>\n\t\t\t\t<\/div>\n\t\t\t\t<\/div>\n\t\t\t\t\t\t<\/div>\n\t\t\t\t\t<\/div>\n\t\t<\/div>\n\t\t\t\t<div class=\"elementor-column elementor-col-50 elementor-top-column elementor-element elementor-element-a1fae20\" data-id=\"a1fae20\" data-element_type=\"column\">\n\t\t\t<div class=\"elementor-column-wrap elementor-element-populated\">\n\t\t\t\t\t\t\t<div class=\"elementor-widget-wrap\">\n\t\t\t\t\t\t<div class=\"elementor-element elementor-element-bb6ecd5 elementor-widget elementor-widget-image\" data-id=\"bb6ecd5\" data-element_type=\"widget\" data-widget_type=\"image.default\">\n\t\t\t\t<div class=\"elementor-widget-container\">\n\t\t\t\t\t<div class=\"elementor-image\">\n\t\t\t\t\t\t\t\t\t\t<img width=\"1024\" height=\"576\" src=\"https:\/\/theflowinglab.com\/wp-content\/uploads\/2020\/10\/87106D29-FABB-44CA-BF6B-ACF11466F910_1_201_a-1024x576.jpeg\" class=\"attachment-large size-large\" alt=\"\" loading=\"lazy\" srcset=\"https:\/\/theflowinglab.com\/wp-content\/uploads\/2020\/10\/87106D29-FABB-44CA-BF6B-ACF11466F910_1_201_a-1024x576.jpeg 1024w, https:\/\/theflowinglab.com\/wp-content\/uploads\/2020\/10\/87106D29-FABB-44CA-BF6B-ACF11466F910_1_201_a-300x169.jpeg 300w, https:\/\/theflowinglab.com\/wp-content\/uploads\/2020\/10\/87106D29-FABB-44CA-BF6B-ACF11466F910_1_201_a-768x432.jpeg 768w, https:\/\/theflowinglab.com\/wp-content\/uploads\/2020\/10\/87106D29-FABB-44CA-BF6B-ACF11466F910_1_201_a-1536x864.jpeg 1536w, https:\/\/theflowinglab.com\/wp-content\/uploads\/2020\/10\/87106D29-FABB-44CA-BF6B-ACF11466F910_1_201_a.jpeg 2044w\" sizes=\"(max-width: 1024px) 100vw, 1024px\" \/>\t\t\t\t\t\t\t\t\t\t\t<\/div>\n\t\t\t\t<\/div>\n\t\t\t\t<\/div>\n\t\t\t\t\t\t<\/div>\n\t\t\t\t\t<\/div>\n\t\t<\/div>\n\t\t\t\t\t\t\t\t<\/div>\n\t\t\t\t\t<\/div>\n\t\t<\/section>\n\t\t\t\t<section class=\"elementor-section elementor-top-section elementor-element elementor-element-4c44c27 elementor-section-boxed elementor-section-height-default elementor-section-height-default\" data-id=\"4c44c27\" data-element_type=\"section\">\n\t\t\t\t\t\t<div class=\"elementor-container elementor-column-gap-default\">\n\t\t\t\t\t\t\t<div class=\"elementor-row\">\n\t\t\t\t\t<div class=\"elementor-column elementor-col-50 elementor-top-column elementor-element elementor-element-bbc9854\" data-id=\"bbc9854\" data-element_type=\"column\">\n\t\t\t<div class=\"elementor-column-wrap elementor-element-populated\">\n\t\t\t\t\t\t\t<div class=\"elementor-widget-wrap\">\n\t\t\t\t\t\t<div class=\"elementor-element elementor-element-693fb4e elementor-widget elementor-widget-text-editor\" data-id=\"693fb4e\" data-element_type=\"widget\" data-widget_type=\"text-editor.default\">\n\t\t\t\t<div class=\"elementor-widget-container\">\n\t\t\t\t\t<div class=\"elementor-text-editor elementor-clearfix\"><p>TALKS &amp; WORKSHOPS<\/p><\/div>\n\t\t\t\t<\/div>\n\t\t\t\t<\/div>\n\t\t\t\t\t\t<\/div>\n\t\t\t\t\t<\/div>\n\t\t<\/div>\n\t\t\t\t<div class=\"elementor-column elementor-col-50 elementor-top-column elementor-element elementor-element-3314d3a\" data-id=\"3314d3a\" data-element_type=\"column\">\n\t\t\t<div class=\"elementor-column-wrap elementor-element-populated\">\n\t\t\t\t\t\t\t<div class=\"elementor-widget-wrap\">\n\t\t\t\t\t\t<div class=\"elementor-element elementor-element-43cc772 elementor-widget elementor-widget-text-editor\" data-id=\"43cc772\" data-element_type=\"widget\" data-widget_type=\"text-editor.default\">\n\t\t\t\t<div class=\"elementor-widget-container\">\n\t\t\t\t\t<div class=\"elementor-text-editor elementor-clearfix\"><p>COLABORACIONES<\/p><\/div>\n\t\t\t\t<\/div>\n\t\t\t\t<\/div>\n\t\t\t\t\t\t<\/div>\n\t\t\t\t\t<\/div>\n\t\t<\/div>\n\t\t\t\t\t\t\t\t<\/div>\n\t\t\t\t\t<\/div>\n\t\t<\/section>\n\t\t\t\t\t\t<\/div>\n\t\t\t\t\t\t<\/div>\n\t\t\t\t\t<\/div>\n\t\t","protected":false},"excerpt":{"rendered":"<p>COMMUNITY Abracemos, exploremos, vivamos, transformemos, respetemos, visibilicemos, proyectemos&#8230; simplemente amemos. FUEGO Movimiento AGUA EMOCIONES TIERRA PERCEPCI\u00d3N AIRE CREATIVIDAD Los cuatro elementos nos unen a nuestra esencia y a fluir. De esta manera aprendemos a ver, percibir y experimentar la realidad \u00fanica y intransferible de cada unx de nosotrxs. Este proceso es din\u00e1mico y lo realizamos &hellip;<\/p>\n<p class=\"read-more\"> <a class=\"\" href=\"https:\/\/theflowinglab.com\/?page_id=266\"> <span class=\"screen-reader-text\">COMMUNITY<\/span> Leer m\u00e1s &raquo;<\/a><\/p>\n","protected":false},"author":1,"featured_media":0,"parent":0,"menu_order":0,"comment_status":"closed","ping_status":"closed","template":"","meta":[],"_links":{"self":[{"href":"https:\/\/theflowinglab.com\/index.php?rest_route=\/wp\/v2\/pages\/266"}],"collection":[{"href":"https:\/\/theflowinglab.com\/index.php?rest_route=\/wp\/v2\/pages"}],"about":[{"href":"https:\/\/theflowinglab.com\/index.php?rest_route=\/wp\/v2\/types\/page"}],"author":[{"embeddable":true,"href":"https:\/\/theflowinglab.com\/index.php?rest_route=\/wp\/v2\/users\/1"}],"replies":[{"embeddable":true,"href":"https:\/\/theflowinglab.com\/index.php?rest_route=%2Fwp%2Fv2%2Fcomments&post=266"}],"version-history":[{"count":20,"href":"https:\/\/theflowinglab.com\/index.php?rest_route=\/wp\/v2\/pages\/266\/revisions"}],"predecessor-version":[{"id":412,"href":"https:\/\/theflowinglab.com\/index.php?rest_route=\/wp\/v2\/pages\/266\/revisions\/412"}],"wp:attachment":[{"href":"https:\/\/theflowinglab.com\/index.php?rest_route=%2Fwp%2Fv2%2Fmedia&parent=266"}],"curies":[{"name":"wp","href":"https:\/\/api.w.org\/{rel}","templated":true}]}}