{"id":169,"date":"2020-07-26T13:51:48","date_gmt":"2020-07-26T13:51:48","guid":{"rendered":"http:\/\/sitabart.com\/?page_id=169"},"modified":"2021-10-09T18:09:58","modified_gmt":"2021-10-09T18:09:58","slug":"home","status":"publish","type":"page","link":"https:\/\/theflowinglab.com\/","title":{"rendered":"HOME"},"content":{"rendered":"\t\t<div data-elementor-type=\"wp-page\" data-elementor-id=\"169\" class=\"elementor elementor-169\" data-elementor-settings=\"[]\">\n\t\t\t\t\t\t<div class=\"elementor-inner\">\n\t\t\t\t\t\t\t<div class=\"elementor-section-wrap\">\n\t\t\t\t\t\t\t<section class=\"elementor-section elementor-top-section elementor-element elementor-element-71794289 elementor-section-content-middle elementor-section-boxed elementor-section-height-default elementor-section-height-default\" data-id=\"71794289\" data-element_type=\"section\" data-settings=\"{&quot;background_background&quot;:&quot;classic&quot;}\">\n\t\t\t\t\t\t\t<div class=\"elementor-background-overlay\"><\/div>\n\t\t\t\t\t\t\t<div class=\"elementor-container elementor-column-gap-no\">\n\t\t\t\t\t\t\t<div class=\"elementor-row\">\n\t\t\t\t\t<div class=\"elementor-column elementor-col-100 elementor-top-column elementor-element elementor-element-497cba95\" data-id=\"497cba95\" data-element_type=\"column\">\n\t\t\t<div class=\"elementor-column-wrap elementor-element-populated\">\n\t\t\t\t\t\t\t<div class=\"elementor-widget-wrap\">\n\t\t\t\t\t\t<div class=\"elementor-element elementor-element-5dad1ba2 elementor-widget elementor-widget-heading\" data-id=\"5dad1ba2\" data-element_type=\"widget\" data-widget_type=\"heading.default\">\n\t\t\t\t<div class=\"elementor-widget-container\">\n\t\t\t<h4 class=\"elementor-heading-title elementor-size-xxl\">The Flowing Lab<\/h4>\t\t<\/div>\n\t\t\t\t<\/div>\n\t\t\t\t<div class=\"elementor-element elementor-element-12649af2 elementor-widget elementor-widget-heading\" data-id=\"12649af2\" data-element_type=\"widget\" data-widget_type=\"heading.default\">\n\t\t\t\t<div class=\"elementor-widget-container\">\n\t\t\t<h5 class=\"elementor-heading-title elementor-size-default\">fluir es abrazar lo que ya eres<\/h5>\t\t<\/div>\n\t\t\t\t<\/div>\n\t\t\t\t\t\t<\/div>\n\t\t\t\t\t<\/div>\n\t\t<\/div>\n\t\t\t\t\t\t\t\t<\/div>\n\t\t\t\t\t<\/div>\n\t\t<\/section>\n\t\t\t\t<section class=\"elementor-section elementor-top-section elementor-element elementor-element-c8883e3 elementor-section-boxed elementor-section-height-default elementor-section-height-default\" data-id=\"c8883e3\" data-element_type=\"section\">\n\t\t\t\t\t\t<div class=\"elementor-container elementor-column-gap-default\">\n\t\t\t\t\t\t\t<div class=\"elementor-row\">\n\t\t\t\t\t<div class=\"elementor-column elementor-col-100 elementor-top-column elementor-element elementor-element-dce1abb\" data-id=\"dce1abb\" data-element_type=\"column\">\n\t\t\t<div class=\"elementor-column-wrap elementor-element-populated\">\n\t\t\t\t\t\t\t<div class=\"elementor-widget-wrap\">\n\t\t\t\t\t\t<div class=\"elementor-element elementor-element-fb1c331 elementor-widget elementor-widget-spacer\" data-id=\"fb1c331\" data-element_type=\"widget\" data-widget_type=\"spacer.default\">\n\t\t\t\t<div class=\"elementor-widget-container\">\n\t\t\t\t\t<div class=\"elementor-spacer\">\n\t\t\t<div class=\"elementor-spacer-inner\"><\/div>\n\t\t<\/div>\n\t\t\t\t<\/div>\n\t\t\t\t<\/div>\n\t\t\t\t\t\t<\/div>\n\t\t\t\t\t<\/div>\n\t\t<\/div>\n\t\t\t\t\t\t\t\t<\/div>\n\t\t\t\t\t<\/div>\n\t\t<\/section>\n\t\t\t\t<section class=\"elementor-section elementor-top-section elementor-element elementor-element-25f0b55 elementor-section-boxed elementor-section-height-default elementor-section-height-default\" data-id=\"25f0b55\" data-element_type=\"section\">\n\t\t\t\t\t\t<div class=\"elementor-container elementor-column-gap-default\">\n\t\t\t\t\t\t\t<div class=\"elementor-row\">\n\t\t\t\t\t<div class=\"elementor-column elementor-col-100 elementor-top-column elementor-element elementor-element-9912e95\" data-id=\"9912e95\" data-element_type=\"column\">\n\t\t\t<div class=\"elementor-column-wrap elementor-element-populated\">\n\t\t\t\t\t\t\t<div class=\"elementor-widget-wrap\">\n\t\t\t\t\t\t<div class=\"elementor-element elementor-element-fb57573 elementor-widget elementor-widget-heading\" data-id=\"fb57573\" data-element_type=\"widget\" data-widget_type=\"heading.default\">\n\t\t\t\t<div class=\"elementor-widget-container\">\n\t\t\t<h2 class=\"elementor-heading-title elementor-size-default\">Comunidad de aprendizaje, inspiraci\u00f3n y liderazgo.<\/h2>\t\t<\/div>\n\t\t\t\t<\/div>\n\t\t\t\t\t\t<\/div>\n\t\t\t\t\t<\/div>\n\t\t<\/div>\n\t\t\t\t\t\t\t\t<\/div>\n\t\t\t\t\t<\/div>\n\t\t<\/section>\n\t\t\t\t<section class=\"elementor-section elementor-top-section elementor-element elementor-element-1684596 elementor-section-boxed elementor-section-height-default elementor-section-height-default\" data-id=\"1684596\" data-element_type=\"section\">\n\t\t\t\t\t\t<div class=\"elementor-container elementor-column-gap-default\">\n\t\t\t\t\t\t\t<div class=\"elementor-row\">\n\t\t\t\t\t<div class=\"elementor-column elementor-col-100 elementor-top-column elementor-element elementor-element-b6a55b6\" data-id=\"b6a55b6\" data-element_type=\"column\">\n\t\t\t<div class=\"elementor-column-wrap elementor-element-populated\">\n\t\t\t\t\t\t\t<div class=\"elementor-widget-wrap\">\n\t\t\t\t\t\t<div class=\"elementor-element elementor-element-499dc68 elementor-widget elementor-widget-text-editor\" data-id=\"499dc68\" data-element_type=\"widget\" data-widget_type=\"text-editor.default\">\n\t\t\t\t<div class=\"elementor-widget-container\">\n\t\t\t\t\t<div class=\"elementor-text-editor elementor-clearfix\"><p>El m\u00e9todo The Flowing Lab parte de tres premisas: aprendizaje, inspiraci\u00f3n y liderazgo. Con la integraci\u00f3n de estos fundamentos nos adentramos a la calidez de fluir en nuestra vida. Cada d\u00eda aprendemos cosas nuevas a base de nuestras experiencias. \u00c9stas se entrelazan con los conocimientos previos que ya disponemos en nuestro ser para ayudarnos a mirar la vida como observadores. De todas ellas, que con cada cosa que nos pasa y vemos, podemos inspirarnos con los modelos y ejemplos que enriquezcan nuestro sistema de creencias y valores. Por \u00faltimo, el liderazgo pertenece al paso que damos cuando decidimos ser l\u00edderes de nostrxs mismxs. En este contexto, liderar significa ser conscientes de la realidad que nos rodea y actuar en coherencia con lo que sentimos, pensamos y actuamos.\u00a0<\/p><p>The Flowing Lab es una Comunidad que ha nacido con la intenci\u00f3n de facilitar herramientas para fluir en nuestra vida.\u00a0<\/p><\/div>\n\t\t\t\t<\/div>\n\t\t\t\t<\/div>\n\t\t\t\t\t\t<\/div>\n\t\t\t\t\t<\/div>\n\t\t<\/div>\n\t\t\t\t\t\t\t\t<\/div>\n\t\t\t\t\t<\/div>\n\t\t<\/section>\n\t\t\t\t\t\t<\/div>\n\t\t\t\t\t\t<\/div>\n\t\t\t\t\t<\/div>\n\t\t","protected":false},"excerpt":{"rendered":"<p>The Flowing Lab fluir es abrazar lo que ya eres Comunidad de aprendizaje, inspiraci\u00f3n y liderazgo. El m\u00e9todo The Flowing Lab parte de tres premisas: aprendizaje, inspiraci\u00f3n y liderazgo. Con la integraci\u00f3n de estos fundamentos nos adentramos a la calidez de fluir en nuestra vida. Cada d\u00eda aprendemos cosas nuevas a base de nuestras experiencias. &hellip;<\/p>\n<p class=\"read-more\"> <a class=\"\" href=\"https:\/\/theflowinglab.com\/\"> <span class=\"screen-reader-text\">HOME<\/span> Leer m\u00e1s &raquo;<\/a><\/p>\n","protected":false},"author":1,"featured_media":0,"parent":0,"menu_order":0,"comment_status":"closed","ping_status":"closed","template":"","meta":[],"_links":{"self":[{"href":"https:\/\/theflowinglab.com\/index.php?rest_route=\/wp\/v2\/pages\/169"}],"collection":[{"href":"https:\/\/theflowinglab.com\/index.php?rest_route=\/wp\/v2\/pages"}],"about":[{"href":"https:\/\/theflowinglab.com\/index.php?rest_route=\/wp\/v2\/types\/page"}],"author":[{"embeddable":true,"href":"https:\/\/theflowinglab.com\/index.php?rest_route=\/wp\/v2\/users\/1"}],"replies":[{"embeddable":true,"href":"https:\/\/theflowinglab.com\/index.php?rest_route=%2Fwp%2Fv2%2Fcomments&post=169"}],"version-history":[{"count":73,"href":"https:\/\/theflowinglab.com\/index.php?rest_route=\/wp\/v2\/pages\/169\/revisions"}],"predecessor-version":[{"id":446,"href":"https:\/\/theflowinglab.com\/index.php?rest_route=\/wp\/v2\/pages\/169\/revisions\/446"}],"wp:attachment":[{"href":"https:\/\/theflowinglab.com\/index.php?rest_route=%2Fwp%2Fv2%2Fmedia&parent=169"}],"curies":[{"name":"wp","href":"https:\/\/api.w.org\/{rel}","templated":true}]}}